{"id":35,"date":"2023-04-08T17:03:13","date_gmt":"2023-04-08T17:03:13","guid":{"rendered":"http:\/\/www.zolimasszazs.hu\/?page_id=35"},"modified":"2023-04-12T20:09:16","modified_gmt":"2023-04-12T20:09:16","slug":"masszazs","status":"publish","type":"page","link":"http:\/\/www.zolimasszazs.hu\/?page_id=35","title":{"rendered":"Massz\u00e1zs"},"content":{"rendered":"\n<p>A massz\u00e1zs \u00e9vezredek \u00f3ta haszn\u00e1lt gy\u00f3gy\u00e1szati \u200b\u200b\u00e9s relax\u00e1ci\u00f3s m\u00f3dszer, amelyet k\u00fcl\u00f6nf\u00e9le technik\u00e1k \u00e9s ter\u00e1pi\u00e1k alkalmaz\u00e1s\u00e1val v\u00e9geznek a testen. A massz\u00e1zs lehet k\u00e9zi vagy g\u00e9pi, \u00e9s az izmok, az \u00edz\u00fcletek, a k\u00f6t\u0151sz\u00f6vet \u00e9s a b\u0151r massz\u00edroz\u00e1s\u00e1ra szolg\u00e1l.<\/p>\n\n\n\n<p>A massz\u00e1zs c\u00e9lja a test \u00e9s az elm\u00e9j\u00e9nek ellaz\u00edt\u00e1sa, az izomfesz\u00fclts\u00e9g \u00e9s a stressz cs\u00f6kkent\u00e9se, valamint a v\u00e9rkering\u00e9s jav\u00edt\u00e1sa. A massz\u00e1zs lehet\u0151s\u00e9get ad arra is, hogy a testben rejl\u0151 fesz\u00fclts\u00e9get \u00e9s f\u00e1jdalmat kezelj\u00fck, \u00e9s seg\u00edts\u00fcnk a testi \u00e9s szellemi eg\u00e9szs\u00e9g jav\u00edt\u00e1s\u00e1ban.<\/p>\n\n\n\n<p>A massz\u00e1zs sz\u00e1mos k\u00fcl\u00f6nb\u00f6z\u0151 t\u00edpusa l\u00e9tezik, amelyek mindegyike elt\u00e9r\u0151 technik\u00e1kkal \u00e9s el\u0151ny\u00f6kkel rendelkezik. A klasszikus massz\u00e1zs, p\u00e9ld\u00e1ul egy olyan alapvet\u0151 technika, amelyet az eg\u00e9sz testen alkalmaznak, \u00e9s amely a simogat\u00e1s, d\u00f6rzs\u00f6l\u00e9s, gy\u00far\u00e1s \u00e9s kopogtat\u00e1s kombin\u00e1ci\u00f3j\u00e1t haszn\u00e1lja.<\/p>\n\n\n\n<figure class=\"wp-block-image size-large\"><img loading=\"lazy\" decoding=\"async\" width=\"1024\" height=\"683\" src=\"http:\/\/www.zolimasszazs.hu\/wp-content\/uploads\/2023\/04\/massage-2717431_1920-1024x683.jpg\" alt=\"\" class=\"wp-image-25\" srcset=\"http:\/\/www.zolimasszazs.hu\/wp-content\/uploads\/2023\/04\/massage-2717431_1920-1024x683.jpg 1024w, http:\/\/www.zolimasszazs.hu\/wp-content\/uploads\/2023\/04\/massage-2717431_1920-300x200.jpg 300w, http:\/\/www.zolimasszazs.hu\/wp-content\/uploads\/2023\/04\/massage-2717431_1920-768x512.jpg 768w, http:\/\/www.zolimasszazs.hu\/wp-content\/uploads\/2023\/04\/massage-2717431_1920-1536x1024.jpg 1536w, http:\/\/www.zolimasszazs.hu\/wp-content\/uploads\/2023\/04\/massage-2717431_1920-1x1.jpg 1w, http:\/\/www.zolimasszazs.hu\/wp-content\/uploads\/2023\/04\/massage-2717431_1920.jpg 1920w\" sizes=\"auto, (max-width: 1024px) 100vw, 1024px\" \/><\/figure>\n\n\n\n<p>A massz\u00e1zs gyakran haszn\u00e1lj\u00e1k az izomf\u00e1jdalmak \u00e9s a merevs\u00e9g kezel\u00e9s\u00e9re, de seg\u00edthet az \u00e1lmatlans\u00e1g, a depresszi\u00f3, a szorong\u00e1s \u00e9s a stressz kezel\u00e9s\u00e9ben is. Az \u00f6nmassz\u00e1zs, p\u00e9ld\u00e1ul a l\u00e1b vagy a h\u00e1t massz\u00edroz\u00e1sa, szint\u00e9n lehet hat\u00e9kony a testi \u00e9s szellemi eg\u00e9szs\u00e9g jav\u00edt\u00e1s\u00e1ban.<\/p>\n\n\n\n<p>Az elm\u00falt \u00e9vekben a massz\u00e1zs sz\u00e9les k\u00f6rben elterjedt, \u00e9s sz\u00e1mos spa \u00e9s wellness k\u00f6zpont k\u00edn\u00e1lja ezt a szolg\u00e1ltat\u00e1st. Azonban fontos megjegyezni, hogy a massz\u00e1zs nem mindenki sz\u00e1m\u00e1ra megfelel\u0151, \u00e9s hogy a massz\u0151r\u00f6k k\u00e9pzettek legyenek \u00e9s megfelel\u0151 szak\u00e9rtelemmel rendelkezzenek. Ha b\u00e1rmilyen eg\u00e9szs\u00e9g\u00fcgyi probl\u00e9m\u00e1ja van, vagy bizonytalan a massz\u00e1zs alkalmaz\u00e1s\u00e1val kapcsolatban, javasoljuk, hogy konzult\u00e1ljon orvos\u00e1val, miel\u0151tt b\u00e1rmilyen massz\u00e1zs ter\u00e1pi\u00e1t ig\u00e9nybe venne.<\/p>\n\n\n\n<p>\u00d6sszess\u00e9g\u00e9ben a massz\u00e1zs hat\u00e9kony m\u00f3dszer lehet a testi \u00e9s szellemi eg\u00e9szs\u00e9g jav\u00edt\u00e1s\u00e1ra, \u00e9s sz\u00e1mos el\u0151nyt k\u00edn\u00e1lhat az izmok \u00e9s az elm\u00e9n sz\u00e1m\u00e1ra.<\/p>\n\n\n\n<p><\/p>\n","protected":false},"excerpt":{"rendered":"<p>A massz\u00e1zs \u00e9vezredek \u00f3ta haszn\u00e1lt gy\u00f3gy\u00e1szati \u200b\u200b\u00e9s relax\u00e1ci\u00f3s m\u00f3dszer, amelyet k\u00fcl\u00f6nf\u00e9le technik\u00e1k \u00e9s ter\u00e1pi\u00e1k alkalmaz\u00e1s\u00e1val v\u00e9geznek a testen. A massz\u00e1zs lehet k\u00e9zi vagy g\u00e9pi, \u00e9s az izmok, az \u00edz\u00fcletek, a k\u00f6t\u0151sz\u00f6vet \u00e9s a b\u0151r massz\u00edroz\u00e1s\u00e1ra szolg\u00e1l. A massz\u00e1zs c\u00e9lja a test \u00e9s az elm\u00e9j\u00e9nek ellaz\u00edt\u00e1sa, az izomfesz\u00fclts\u00e9g \u00e9s a stressz cs\u00f6kkent\u00e9se, valamint a v\u00e9rkering\u00e9s jav\u00edt\u00e1sa. [&hellip;]<\/p>\n","protected":false},"author":1,"featured_media":0,"parent":0,"menu_order":0,"comment_status":"closed","ping_status":"closed","template":"","meta":{"footnotes":""},"class_list":["post-35","page","type-page","status-publish","hentry"],"_links":{"self":[{"href":"http:\/\/www.zolimasszazs.hu\/index.php?rest_route=\/wp\/v2\/pages\/35","targetHints":{"allow":["GET"]}}],"collection":[{"href":"http:\/\/www.zolimasszazs.hu\/index.php?rest_route=\/wp\/v2\/pages"}],"about":[{"href":"http:\/\/www.zolimasszazs.hu\/index.php?rest_route=\/wp\/v2\/types\/page"}],"author":[{"embeddable":true,"href":"http:\/\/www.zolimasszazs.hu\/index.php?rest_route=\/wp\/v2\/users\/1"}],"replies":[{"embeddable":true,"href":"http:\/\/www.zolimasszazs.hu\/index.php?rest_route=%2Fwp%2Fv2%2Fcomments&post=35"}],"version-history":[{"count":3,"href":"http:\/\/www.zolimasszazs.hu\/index.php?rest_route=\/wp\/v2\/pages\/35\/revisions"}],"predecessor-version":[{"id":88,"href":"http:\/\/www.zolimasszazs.hu\/index.php?rest_route=\/wp\/v2\/pages\/35\/revisions\/88"}],"wp:attachment":[{"href":"http:\/\/www.zolimasszazs.hu\/index.php?rest_route=%2Fwp%2Fv2%2Fmedia&parent=35"}],"curies":[{"name":"wp","href":"https:\/\/api.w.org\/{rel}","templated":true}]}}