{"id":37,"date":"2023-04-08T17:03:35","date_gmt":"2023-04-08T17:03:35","guid":{"rendered":"http:\/\/www.zolimasszazs.hu\/?page_id=37"},"modified":"2023-04-08T19:29:00","modified_gmt":"2023-04-08T19:29:00","slug":"csontkovacsolas","status":"publish","type":"page","link":"http:\/\/www.zolimasszazs.hu\/?page_id=37","title":{"rendered":"Csontkov\u00e1csol\u00e1s"},"content":{"rendered":"\n<p>A csontkov\u00e1csol\u00e1s, m\u00e1s n\u00e9ven osteop\u00e1tia, egy alternat\u00edv gy\u00f3gy\u00e1szati \u200b\u200bm\u00f3dszer, amely a test manipul\u00e1ci\u00f3j\u00e1t haszn\u00e1lja a f\u00e1jdalom enyh\u00edt\u00e9s\u00e9re \u00e9s a testi \u00e9s szellemi eg\u00e9szs\u00e9g jav\u00edt\u00e1s\u00e1ra. Az osteop\u00e1tia azon a meggy\u0151z\u0151d\u00e9sen alapul, hogy a test minden r\u00e9sze \u00f6sszef\u00fcgg egym\u00e1ssal, \u00e9s hogy a test saj\u00e1t \u00f6ngy\u00f3gy\u00edt\u00f3 mechanizmusai k\u00e9pesek meggy\u00f3gy\u00edtani az eg\u00e9szs\u00e9g\u00fcgyi probl\u00e9m\u00e1kat, ha a testnek megfelel\u0151 felt\u00e9teleket biztos\u00edtunk.<\/p>\n\n\n\n<p>Az osteopata az emberi test anat\u00f3mi\u00e1j\u00e1t, biomechanik\u00e1j\u00e1t \u00e9s az eg\u00e9szs\u00e9g\u00fcgyi \u00e1llapot\u00e1t tanulm\u00e1nyozza, \u00e9s az alapj\u00e1n v\u00e9gzi el a manipul\u00e1ci\u00f3kat. Az osteop\u00e1ti\u00e1s kezel\u00e9s sor\u00e1n az osteopata k\u00e9zzel manipul\u00e1lja az \u00edz\u00fcleteket, az izmokat \u00e9s a sz\u00f6veteket, hogy enyh\u00edtse az izomfesz\u00fclts\u00e9get \u00e9s az \u00edz\u00fcleti merevs\u00e9get, \u00e9s jav\u00edtsa a test mozg\u00e9konys\u00e1g\u00e1t.<\/p>\n\n\n\n<p>Az osteop\u00e1ti\u00e1s kezel\u00e9s sor\u00e1n az osteopata \u00e1ltal\u00e1ban az eg\u00e9sz testet \u00e1tvizsg\u00e1lja, \u00e9s a kezel\u00e9s c\u00e9lja a test \u00f6sszes r\u00e9sz\u00e9nek szab\u00e1lyoz\u00e1sa \u00e9s harmoniz\u00e1l\u00e1sa. Az osteop\u00e1ti\u00e1s kezel\u00e9s sor\u00e1n az osteopata \u00e1ltal\u00e1ban a gerincvel\u0151vel kezdi, mivel a gerincvel\u0151 \u00e9s az idegrendszer kapcsol\u00f3dik az eg\u00e9sz testhez. Az osteop\u00e1ti\u00e1s kezel\u00e9s sor\u00e1n az osteopata az eg\u00e9sz testen alkalmazhatja a manipul\u00e1ci\u00f3kat, bele\u00e9rtve a nyakat, a karokat, a l\u00e1bakat \u00e9s az \u00edz\u00fcleteket is.<\/p>\n\n\n\n<p>Az osteop\u00e1tia sz\u00e1mos eg\u00e9szs\u00e9g\u00fcgyi probl\u00e9ma kezel\u00e9s\u00e9re alkalmazhat\u00f3, p\u00e9ld\u00e1ul a h\u00e1tf\u00e1j\u00e1s, a fejf\u00e1j\u00e1s, a nyak- \u00e9s v\u00e1llf\u00e1jdalom, az \u00edz\u00fcleti f\u00e1jdalom, az em\u00e9szt\u00e9si probl\u00e9m\u00e1k \u00e9s a l\u00e9gz\u0151szervi probl\u00e9m\u00e1k kezel\u00e9s\u00e9re is haszn\u00e1lj\u00e1k. Az osteop\u00e1ti\u00e1s kezel\u00e9sek nem csak az akut probl\u00e9m\u00e1kat kezelik, hanem hozz\u00e1j\u00e1rulnak a test \u00e1ltal\u00e1nos eg\u00e9szs\u00e9g\u00e9hez \u00e9s az immunrendszer er\u0151s\u00edt\u00e9s\u00e9hez is.<\/p>\n\n\n\n<p>Fontos megjegyezni, hogy az osteop\u00e1ti\u00e1s kezel\u00e9sek nem mindenki sz\u00e1m\u00e1ra megfelel\u0151ek, \u00e9s hogy az osteopata k\u00e9pzett \u00e9s szakk\u00e9pzett szakember legyen. Ha b\u00e1rmilyen eg\u00e9szs\u00e9g\u00fcgyi probl\u00e9m\u00e1ja van, javasoljuk, hogy el\u0151sz\u00f6r konzult\u00e1ljon orvos\u00e1val, miel\u0151tt b\u00e1rmilyen alternat\u00edv ter\u00e1pi\u00e1t ig\u00e9nybe venne.<\/p>\n\n\n\n<figure class=\"wp-block-image size-large\"><img loading=\"lazy\" decoding=\"async\" width=\"1024\" height=\"683\" src=\"http:\/\/www.zolimasszazs.hu\/wp-content\/uploads\/2023\/04\/stones-3184610-1024x683.jpg\" alt=\"\" class=\"wp-image-28\" srcset=\"http:\/\/www.zolimasszazs.hu\/wp-content\/uploads\/2023\/04\/stones-3184610-1024x683.jpg 1024w, http:\/\/www.zolimasszazs.hu\/wp-content\/uploads\/2023\/04\/stones-3184610-300x200.jpg 300w, http:\/\/www.zolimasszazs.hu\/wp-content\/uploads\/2023\/04\/stones-3184610-768x512.jpg 768w, http:\/\/www.zolimasszazs.hu\/wp-content\/uploads\/2023\/04\/stones-3184610-1536x1024.jpg 1536w, http:\/\/www.zolimasszazs.hu\/wp-content\/uploads\/2023\/04\/stones-3184610-2048x1365.jpg 2048w, http:\/\/www.zolimasszazs.hu\/wp-content\/uploads\/2023\/04\/stones-3184610-1x1.jpg 1w\" sizes=\"auto, (max-width: 1024px) 100vw, 1024px\" \/><\/figure>\n","protected":false},"excerpt":{"rendered":"<p>A csontkov\u00e1csol\u00e1s, m\u00e1s n\u00e9ven osteop\u00e1tia, egy alternat\u00edv gy\u00f3gy\u00e1szati \u200b\u200bm\u00f3dszer, amely a test manipul\u00e1ci\u00f3j\u00e1t haszn\u00e1lja a f\u00e1jdalom enyh\u00edt\u00e9s\u00e9re \u00e9s a testi \u00e9s szellemi eg\u00e9szs\u00e9g jav\u00edt\u00e1s\u00e1ra. Az osteop\u00e1tia azon a meggy\u0151z\u0151d\u00e9sen alapul, hogy a test minden r\u00e9sze \u00f6sszef\u00fcgg egym\u00e1ssal, \u00e9s hogy a test saj\u00e1t \u00f6ngy\u00f3gy\u00edt\u00f3 mechanizmusai k\u00e9pesek meggy\u00f3gy\u00edtani az eg\u00e9szs\u00e9g\u00fcgyi probl\u00e9m\u00e1kat, ha a testnek megfelel\u0151 felt\u00e9teleket biztos\u00edtunk. [&hellip;]<\/p>\n","protected":false},"author":1,"featured_media":0,"parent":0,"menu_order":0,"comment_status":"closed","ping_status":"closed","template":"","meta":{"footnotes":""},"class_list":["post-37","page","type-page","status-publish","hentry"],"_links":{"self":[{"href":"http:\/\/www.zolimasszazs.hu\/index.php?rest_route=\/wp\/v2\/pages\/37","targetHints":{"allow":["GET"]}}],"collection":[{"href":"http:\/\/www.zolimasszazs.hu\/index.php?rest_route=\/wp\/v2\/pages"}],"about":[{"href":"http:\/\/www.zolimasszazs.hu\/index.php?rest_route=\/wp\/v2\/types\/page"}],"author":[{"embeddable":true,"href":"http:\/\/www.zolimasszazs.hu\/index.php?rest_route=\/wp\/v2\/users\/1"}],"replies":[{"embeddable":true,"href":"http:\/\/www.zolimasszazs.hu\/index.php?rest_route=%2Fwp%2Fv2%2Fcomments&post=37"}],"version-history":[{"count":3,"href":"http:\/\/www.zolimasszazs.hu\/index.php?rest_route=\/wp\/v2\/pages\/37\/revisions"}],"predecessor-version":[{"id":69,"href":"http:\/\/www.zolimasszazs.hu\/index.php?rest_route=\/wp\/v2\/pages\/37\/revisions\/69"}],"wp:attachment":[{"href":"http:\/\/www.zolimasszazs.hu\/index.php?rest_route=%2Fwp%2Fv2%2Fmedia&parent=37"}],"curies":[{"name":"wp","href":"https:\/\/api.w.org\/{rel}","templated":true}]}}