{"id":45,"date":"2023-04-08T17:04:36","date_gmt":"2023-04-08T17:04:36","guid":{"rendered":"http:\/\/www.zolimasszazs.hu\/?page_id=45"},"modified":"2023-04-08T19:35:50","modified_gmt":"2023-04-08T19:35:50","slug":"rolunk-mondtak","status":"publish","type":"page","link":"http:\/\/www.zolimasszazs.hu\/?page_id=45","title":{"rendered":"R\u00f3lunk mondt\u00e1k"},"content":{"rendered":"\n<p>A massz\u00e1zs szolg\u00e1ltat\u00e1sok ig\u00e9nybev\u00e9tele egyre n\u00e9pszer\u0171bb\u00e9 v\u00e1lik az emberek k\u00f6r\u00e9ben. Az emberek egyre ink\u00e1bb felismerik a massz\u00e1zs eg\u00e9szs\u00e9g\u00fcgyi el\u0151nyeit, valamint azt, hogy a massz\u00e1zs hogyan seg\u00edthet a stressz \u00e9s a fesz\u00fclts\u00e9g kezel\u00e9s\u00e9ben. A massz\u00e1zs seg\u00edthet az izomfesz\u00fclts\u00e9g cs\u00f6kkent\u00e9s\u00e9ben, a v\u00e9rkering\u00e9s jav\u00edt\u00e1s\u00e1ban \u00e9s a test \u00e1ltal\u00e1nos j\u00f3l\u00e9t\u00e9nek n\u00f6vel\u00e9s\u00e9ben.<\/p>\n\n\n\n<p>Ha egy j\u00f3 massz\u0151rre van sz\u00fcks\u00e9ged, akkor ne keress tov\u00e1bb, mert itt van neked a megold\u00e1s. A mi massz\u0151r szolg\u00e1ltat\u00e1sunk a legmagasabb min\u0151s\u00e9get \u00e9s szolg\u00e1ltat\u00e1st ny\u00fajtja a vend\u00e9geink sz\u00e1m\u00e1ra. A massz\u0151r\u00fcnk szak\u00e9rt\u0151i tud\u00e1ssal rendelkezik a massz\u00e1zs minden t\u00edpus\u00e1ban, bele\u00e9rtve a sv\u00e9d, thai, sport, reflektor, m\u00e9lysz\u00f6veti \u00e9s \u00edz\u00fcleti massz\u00e1zst is.<\/p>\n\n\n\n<p>A massz\u0151r\u00fcnk nem csak az izmok \u00e9s az \u00edz\u00fcletek kezel\u00e9s\u00e9vel foglalkozik, hanem figyelmet ford\u00edt a test eg\u00e9sz\u00e9re \u00e9s az energia\u00e1raml\u00e1sra is. A massz\u00e1zsunk a test minden r\u00e9sz\u00e9re kiterjed, bele\u00e9rtve a fejet, a nyakat, a h\u00e1tf\u00e1j\u00e1st, a karokat, a l\u00e1bakat \u00e9s a l\u00e1bujjakat is. A massz\u00e1zs sor\u00e1n haszn\u00e1lt speci\u00e1lis olajaink seg\u00edtenek a f\u00e1jdalom enyh\u00edt\u00e9s\u00e9ben \u00e9s az izmok megnyugtat\u00e1s\u00e1ban.<\/p>\n\n\n\n<figure class=\"wp-block-image size-large\"><img loading=\"lazy\" decoding=\"async\" width=\"1024\" height=\"768\" src=\"http:\/\/www.zolimasszazs.hu\/wp-content\/uploads\/2023\/04\/IMG-c4db43e10346e953455f0c7fd148147a-V-1024x768.jpg\" alt=\"\" class=\"wp-image-16\" srcset=\"http:\/\/www.zolimasszazs.hu\/wp-content\/uploads\/2023\/04\/IMG-c4db43e10346e953455f0c7fd148147a-V-1024x768.jpg 1024w, http:\/\/www.zolimasszazs.hu\/wp-content\/uploads\/2023\/04\/IMG-c4db43e10346e953455f0c7fd148147a-V-300x225.jpg 300w, http:\/\/www.zolimasszazs.hu\/wp-content\/uploads\/2023\/04\/IMG-c4db43e10346e953455f0c7fd148147a-V-768x576.jpg 768w, http:\/\/www.zolimasszazs.hu\/wp-content\/uploads\/2023\/04\/IMG-c4db43e10346e953455f0c7fd148147a-V-1536x1152.jpg 1536w, http:\/\/www.zolimasszazs.hu\/wp-content\/uploads\/2023\/04\/IMG-c4db43e10346e953455f0c7fd148147a-V-1x1.jpg 1w, http:\/\/www.zolimasszazs.hu\/wp-content\/uploads\/2023\/04\/IMG-c4db43e10346e953455f0c7fd148147a-V.jpg 1600w\" sizes=\"auto, (max-width: 1024px) 100vw, 1024px\" \/><\/figure>\n\n\n\n<p>A vend\u00e9geink v\u00e9lem\u00e9nye a legfontosabb sz\u00e1munkra. Azt szeretn\u00e9nk, hogy minden vend\u00e9g\u00fcnk el\u00e9gedett legyen a szolg\u00e1ltat\u00e1sunkkal, \u00e9s hogy kipihenten \u00e9s frissen t\u00e1vozzon t\u0151l\u00fcnk. A visszajelz\u00e9seink azt mutatj\u00e1k, hogy a vend\u00e9geink szeretik a massz\u0151r\u00fcnkkel val\u00f3 egy\u00fcttm\u0171k\u00f6d\u00e9st, \u00e9s el\u00e9gedettek a massz\u00e1zs min\u0151s\u00e9g\u00e9vel \u00e9s hat\u00e9konys\u00e1g\u00e1val.<\/p>\n\n\n\n<p>V\u00e1rjuk szeretettel vend\u00e9geinket, \u00e9s rem\u00e9lj\u00fck, hogy hamarosan Te is az el\u00e9gedett vend\u00e9geink k\u00f6z\u00f6tt leszel! Ha b\u00e1rmilyen k\u00e9rd\u00e9sed van, ne habozz kapcsolatba l\u00e9pni vel\u00fcnk, \u00f6r\u00f6mmel seg\u00edt\u00fcnk Neked!<\/p>\n","protected":false},"excerpt":{"rendered":"<p>A massz\u00e1zs szolg\u00e1ltat\u00e1sok ig\u00e9nybev\u00e9tele egyre n\u00e9pszer\u0171bb\u00e9 v\u00e1lik az emberek k\u00f6r\u00e9ben. Az emberek egyre ink\u00e1bb felismerik a massz\u00e1zs eg\u00e9szs\u00e9g\u00fcgyi el\u0151nyeit, valamint azt, hogy a massz\u00e1zs hogyan seg\u00edthet a stressz \u00e9s a fesz\u00fclts\u00e9g kezel\u00e9s\u00e9ben. A massz\u00e1zs seg\u00edthet az izomfesz\u00fclts\u00e9g cs\u00f6kkent\u00e9s\u00e9ben, a v\u00e9rkering\u00e9s jav\u00edt\u00e1s\u00e1ban \u00e9s a test \u00e1ltal\u00e1nos j\u00f3l\u00e9t\u00e9nek n\u00f6vel\u00e9s\u00e9ben. Ha egy j\u00f3 massz\u0151rre van sz\u00fcks\u00e9ged, akkor ne [&hellip;]<\/p>\n","protected":false},"author":1,"featured_media":0,"parent":0,"menu_order":0,"comment_status":"closed","ping_status":"closed","template":"","meta":{"footnotes":""},"class_list":["post-45","page","type-page","status-publish","hentry"],"_links":{"self":[{"href":"http:\/\/www.zolimasszazs.hu\/index.php?rest_route=\/wp\/v2\/pages\/45","targetHints":{"allow":["GET"]}}],"collection":[{"href":"http:\/\/www.zolimasszazs.hu\/index.php?rest_route=\/wp\/v2\/pages"}],"about":[{"href":"http:\/\/www.zolimasszazs.hu\/index.php?rest_route=\/wp\/v2\/types\/page"}],"author":[{"embeddable":true,"href":"http:\/\/www.zolimasszazs.hu\/index.php?rest_route=\/wp\/v2\/users\/1"}],"replies":[{"embeddable":true,"href":"http:\/\/www.zolimasszazs.hu\/index.php?rest_route=%2Fwp%2Fv2%2Fcomments&post=45"}],"version-history":[{"count":3,"href":"http:\/\/www.zolimasszazs.hu\/index.php?rest_route=\/wp\/v2\/pages\/45\/revisions"}],"predecessor-version":[{"id":73,"href":"http:\/\/www.zolimasszazs.hu\/index.php?rest_route=\/wp\/v2\/pages\/45\/revisions\/73"}],"wp:attachment":[{"href":"http:\/\/www.zolimasszazs.hu\/index.php?rest_route=%2Fwp%2Fv2%2Fmedia&parent=45"}],"curies":[{"name":"wp","href":"https:\/\/api.w.org\/{rel}","templated":true}]}}