{"id":86,"date":"2023-04-12T20:08:49","date_gmt":"2023-04-12T20:08:49","guid":{"rendered":"https:\/\/www.zolimasszazs.hu\/?page_id=86"},"modified":"2023-04-12T20:10:29","modified_gmt":"2023-04-12T20:10:29","slug":"masszazs-csontkovacsolas-gyermekeknel","status":"publish","type":"page","link":"http:\/\/www.zolimasszazs.hu\/?page_id=86","title":{"rendered":"Kezel\u00e9sek gyermekeknek"},"content":{"rendered":"\n<p>A massz\u00e1zs \u00e9s a csontkov\u00e1csol\u00e1s k\u00e9t olyan m\u00f3dszer, amelyeket sz\u00e9les k\u00f6rben alkalmaznak az emberek k\u00fcl\u00f6nb\u00f6z\u0151 eg\u00e9szs\u00e9g\u00fcgyi probl\u00e9m\u00e1inak kezel\u00e9s\u00e9re. B\u00e1r a legt\u00f6bb ember \u00fagy gondolja, hogy ezek az elj\u00e1r\u00e1sok kiz\u00e1r\u00f3lag feln\u0151ttekre alkalmazhat\u00f3ak, val\u00f3j\u00e1ban azok gyermekek eset\u00e9ben is hat\u00e9konyak lehetnek.<\/p>\n\n\n\n<p>A massz\u00e1zs \u00e9s a csontkov\u00e1csol\u00e1s seg\u00edthet a gyermekeknek jav\u00edtani a testtart\u00e1sukat, enyh\u00edteni a stresszt \u00e9s a fesz\u00fclts\u00e9get, valamint n\u00f6velni az izmok rugalmass\u00e1g\u00e1t. Ezen t\u00falmen\u0151en ezek az elj\u00e1r\u00e1sok seg\u00edthetnek cs\u00f6kkenteni a f\u00e1jdalmat \u00e9s az \u00edz\u00fcleti merevs\u00e9get is.<\/p>\n\n\n\n<p>A gyermekek massz\u00edroz\u00e1sa \u00e9s csontkov\u00e1csol\u00e1sa azonban nem egyszer\u0171en csak a feln\u0151tt technik\u00e1k alkalmaz\u00e1sa kisebb testekre. A gyermektestek sokkal \u00e9rz\u00e9kenyebbek \u00e9s t\u00f6r\u00e9kenyebbek, ez\u00e9rt a massz\u00e1zs \u00e9s csontkov\u00e1csol\u00e1s sor\u00e1n a terapeuta k\u00fcl\u00f6nleges figyelmet kell, hogy ford\u00edtson a gyermek testi \u00e9s \u00e9rzelmi \u00e1llapot\u00e1ra.<\/p>\n\n\n\n<figure class=\"wp-block-image size-large\"><img loading=\"lazy\" decoding=\"async\" width=\"1024\" height=\"768\" src=\"http:\/\/www.zolimasszazs.hu\/wp-content\/uploads\/2023\/04\/IMG-c4db43e10346e953455f0c7fd148147a-V-1024x768.jpg\" alt=\"\" class=\"wp-image-16\" srcset=\"http:\/\/www.zolimasszazs.hu\/wp-content\/uploads\/2023\/04\/IMG-c4db43e10346e953455f0c7fd148147a-V-1024x768.jpg 1024w, http:\/\/www.zolimasszazs.hu\/wp-content\/uploads\/2023\/04\/IMG-c4db43e10346e953455f0c7fd148147a-V-300x225.jpg 300w, http:\/\/www.zolimasszazs.hu\/wp-content\/uploads\/2023\/04\/IMG-c4db43e10346e953455f0c7fd148147a-V-768x576.jpg 768w, http:\/\/www.zolimasszazs.hu\/wp-content\/uploads\/2023\/04\/IMG-c4db43e10346e953455f0c7fd148147a-V-1536x1152.jpg 1536w, http:\/\/www.zolimasszazs.hu\/wp-content\/uploads\/2023\/04\/IMG-c4db43e10346e953455f0c7fd148147a-V-1x1.jpg 1w, http:\/\/www.zolimasszazs.hu\/wp-content\/uploads\/2023\/04\/IMG-c4db43e10346e953455f0c7fd148147a-V.jpg 1600w\" sizes=\"auto, (max-width: 1024px) 100vw, 1024px\" \/><\/figure>\n\n\n\n<p>Fontos megjegyezni, hogy a massz\u00e1zs \u00e9s a csontkov\u00e1csol\u00e1s nem helyettes\u00edti az orvosi kezel\u00e9st, \u00e9s mindig konzult\u00e1lni kell az orvossal a gyermek eg\u00e9szs\u00e9g\u00fcgyi \u00e1llapot\u00e1val kapcsolatban. A megfelel\u0151 kezel\u00e9s kiv\u00e1laszt\u00e1sa a gyermek sz\u00fcks\u00e9gletei \u00e9s \u00e1llapot\u00e1t\u00f3l f\u00fcgg.<\/p>\n\n\n\n<p>\u00d6sszess\u00e9g\u00e9ben a massz\u00e1zs \u00e9s a csontkov\u00e1csol\u00e1s lehet\u0151s\u00e9get ny\u00fajt a gyermekek sz\u00e1m\u00e1ra arra, hogy jav\u00edts\u00e1k az eg\u00e9szs\u00e9g\u00fcket \u00e9s a j\u00f3 k\u00f6z\u00e9rzet\u00fcket. Ezek az elj\u00e1r\u00e1sok nemcsak a feln\u0151tteknek sz\u00f3lnak, hanem az eg\u00e9sz csal\u00e1dnak javasolhat\u00f3ak, hogy jobban \u00e9rezz\u00e9k magukat a b\u0151r\u00fckben \u00e9s eg\u00e9szs\u00e9gesebbek legyenek.<\/p>\n\n\n\n<p>Sz\u00edvesen v\u00e1llalom, \u00e9s seg\u00edtek a gyerekek mozg\u00e0sfejl\u0151d\u00e9s\u00e9ben, mozg\u00e1skoordin\u00e1ci\u00f3iban! A l\u00e1gy csontkov\u00e1csol\u00e1s kiv\u00e1l\u00f3an alkalmas a letapadt izmok, letapadt inak, letapadt idegek kezel\u00e9s\u00e9re, ideggy\u00f6k kezel\u00e9sre, kombin\u00e1lt massz\u00e1zsra, a besz\u0171k\u00fclt mozg\u00e1st\u00e9r jav\u00edt\u00e1s\u00e1ra, gerincferd\u00fcl\u00e9s, gerinc, \u00e9s cs\u00edp\u0151deformit\u00e1s kezel\u00e9s\u00e9re.<\/p>\n","protected":false},"excerpt":{"rendered":"<p>A massz\u00e1zs \u00e9s a csontkov\u00e1csol\u00e1s k\u00e9t olyan m\u00f3dszer, amelyeket sz\u00e9les k\u00f6rben alkalmaznak az emberek k\u00fcl\u00f6nb\u00f6z\u0151 eg\u00e9szs\u00e9g\u00fcgyi probl\u00e9m\u00e1inak kezel\u00e9s\u00e9re. B\u00e1r a legt\u00f6bb ember \u00fagy gondolja, hogy ezek az elj\u00e1r\u00e1sok kiz\u00e1r\u00f3lag feln\u0151ttekre alkalmazhat\u00f3ak, val\u00f3j\u00e1ban azok gyermekek eset\u00e9ben is hat\u00e9konyak lehetnek. A massz\u00e1zs \u00e9s a csontkov\u00e1csol\u00e1s seg\u00edthet a gyermekeknek jav\u00edtani a testtart\u00e1sukat, enyh\u00edteni a stresszt \u00e9s a fesz\u00fclts\u00e9get, [&hellip;]<\/p>\n","protected":false},"author":2,"featured_media":0,"parent":0,"menu_order":0,"comment_status":"closed","ping_status":"closed","template":"","meta":{"footnotes":""},"class_list":["post-86","page","type-page","status-publish","hentry"],"_links":{"self":[{"href":"http:\/\/www.zolimasszazs.hu\/index.php?rest_route=\/wp\/v2\/pages\/86","targetHints":{"allow":["GET"]}}],"collection":[{"href":"http:\/\/www.zolimasszazs.hu\/index.php?rest_route=\/wp\/v2\/pages"}],"about":[{"href":"http:\/\/www.zolimasszazs.hu\/index.php?rest_route=\/wp\/v2\/types\/page"}],"author":[{"embeddable":true,"href":"http:\/\/www.zolimasszazs.hu\/index.php?rest_route=\/wp\/v2\/users\/2"}],"replies":[{"embeddable":true,"href":"http:\/\/www.zolimasszazs.hu\/index.php?rest_route=%2Fwp%2Fv2%2Fcomments&post=86"}],"version-history":[{"count":2,"href":"http:\/\/www.zolimasszazs.hu\/index.php?rest_route=\/wp\/v2\/pages\/86\/revisions"}],"predecessor-version":[{"id":90,"href":"http:\/\/www.zolimasszazs.hu\/index.php?rest_route=\/wp\/v2\/pages\/86\/revisions\/90"}],"wp:attachment":[{"href":"http:\/\/www.zolimasszazs.hu\/index.php?rest_route=%2Fwp%2Fv2%2Fmedia&parent=86"}],"curies":[{"name":"wp","href":"https:\/\/api.w.org\/{rel}","templated":true}]}}